{"id":1107,"date":"2025-09-23T17:39:22","date_gmt":"2025-09-23T20:39:22","guid":{"rendered":"https:\/\/mescanvol.com.br\/?post_type=product&#038;p=1107"},"modified":"2025-09-23T17:39:23","modified_gmt":"2025-09-23T20:39:23","slug":"anel-tampa-bomba-dagua-para-volvo-925262","status":"publish","type":"product","link":"https:\/\/mescanvol.com.br\/index.php\/produto\/anel-tampa-bomba-dagua-para-volvo-925262\/","title":{"rendered":"Anel tampa bomba d&#8217;\u00e1gua para Volvo &#8211; 925262"},"content":{"rendered":"<p>Aplica\u00e7\u00e3o: Sistema de arrefecimento<\/p>\n","protected":false},"excerpt":{"rendered":"<p>Aplica\u00e7\u00e3o: Sistema de arrefecimento<\/p>\n","protected":false},"featured_media":1058,"comment_status":"open","ping_status":"closed","template":"","meta":[],"product_brand":[],"product_cat":[34],"product_tag":[],"class_list":{"0":"post-1107","1":"product","2":"type-product","3":"status-publish","4":"has-post-thumbnail","6":"product_cat-aneis-volvo","8":"first","9":"instock","10":"sold-individually","11":"shipping-taxable","12":"product-type-simple"},"yoast_head":"<!-- This site is optimized with the Yoast SEO plugin v26.0 - https:\/\/yoast.com\/wordpress\/plugins\/seo\/ -->\n<title>Mescanvol Juntas - Anel tampa bomba d&#039;\u00e1gua para Volvo - 925262<\/title>\n<meta name=\"robots\" content=\"index, follow, max-snippet:-1, max-image-preview:large, max-video-preview:-1\" \/>\n<link rel=\"canonical\" href=\"https:\/\/mescanvol.com.br\/index.php\/produto\/anel-tampa-bomba-dagua-para-volvo-925262\/\" \/>\n<meta property=\"og:locale\" content=\"pt_BR\" \/>\n<meta property=\"og:type\" content=\"article\" \/>\n<meta property=\"og:title\" content=\"Mescanvol Juntas - Anel tampa bomba d&#039;\u00e1gua para Volvo - 925262\" \/>\n<meta property=\"og:description\" content=\"Aplica\u00e7\u00e3o: Sistema de arrefecimento\" \/>\n<meta property=\"og:url\" content=\"https:\/\/mescanvol.com.br\/index.php\/produto\/anel-tampa-bomba-dagua-para-volvo-925262\/\" \/>\n<meta property=\"og:site_name\" content=\"Mescanvol Juntas\" \/>\n<meta property=\"article:modified_time\" content=\"2025-09-23T20:39:23+00:00\" \/>\n<meta property=\"og:image\" content=\"https:\/\/mescanvol.com.br\/wp-content\/uploads\/2025\/09\/17-1.jpg\" \/>\n\t<meta property=\"og:image:width\" content=\"640\" \/>\n\t<meta property=\"og:image:height\" content=\"480\" \/>\n\t<meta property=\"og:image:type\" content=\"image\/jpeg\" \/>\n<meta name=\"twitter:card\" content=\"summary_large_image\" \/>\n<script type=\"application\/ld+json\" class=\"yoast-schema-graph\">{\"@context\":\"https:\/\/schema.org\",\"@graph\":[{\"@type\":\"WebPage\",\"@id\":\"https:\/\/mescanvol.com.br\/index.php\/produto\/anel-tampa-bomba-dagua-para-volvo-925262\/\",\"url\":\"https:\/\/mescanvol.com.br\/index.php\/produto\/anel-tampa-bomba-dagua-para-volvo-925262\/\",\"name\":\"Mescanvol Juntas - Anel tampa bomba d'\u00e1gua para Volvo - 925262\",\"isPartOf\":{\"@id\":\"https:\/\/mescanvol.com.br\/#website\"},\"primaryImageOfPage\":{\"@id\":\"https:\/\/mescanvol.com.br\/index.php\/produto\/anel-tampa-bomba-dagua-para-volvo-925262\/#primaryimage\"},\"image\":{\"@id\":\"https:\/\/mescanvol.com.br\/index.php\/produto\/anel-tampa-bomba-dagua-para-volvo-925262\/#primaryimage\"},\"thumbnailUrl\":\"https:\/\/mescanvol.com.br\/wp-content\/uploads\/2025\/09\/17-1-e1759153307452.jpg\",\"datePublished\":\"2025-09-23T20:39:22+00:00\",\"dateModified\":\"2025-09-23T20:39:23+00:00\",\"breadcrumb\":{\"@id\":\"https:\/\/mescanvol.com.br\/index.php\/produto\/anel-tampa-bomba-dagua-para-volvo-925262\/#breadcrumb\"},\"inLanguage\":\"pt-BR\",\"potentialAction\":[{\"@type\":\"ReadAction\",\"target\":[\"https:\/\/mescanvol.com.br\/index.php\/produto\/anel-tampa-bomba-dagua-para-volvo-925262\/\"]}]},{\"@type\":\"ImageObject\",\"inLanguage\":\"pt-BR\",\"@id\":\"https:\/\/mescanvol.com.br\/index.php\/produto\/anel-tampa-bomba-dagua-para-volvo-925262\/#primaryimage\",\"url\":\"https:\/\/mescanvol.com.br\/wp-content\/uploads\/2025\/09\/17-1-e1759153307452.jpg\",\"contentUrl\":\"https:\/\/mescanvol.com.br\/wp-content\/uploads\/2025\/09\/17-1-e1759153307452.jpg\",\"width\":246,\"height\":185},{\"@type\":\"BreadcrumbList\",\"@id\":\"https:\/\/mescanvol.com.br\/index.php\/produto\/anel-tampa-bomba-dagua-para-volvo-925262\/#breadcrumb\",\"itemListElement\":[{\"@type\":\"ListItem\",\"position\":1,\"name\":\"In\u00edcio\",\"item\":\"https:\/\/mescanvol.com.br\/\"},{\"@type\":\"ListItem\",\"position\":2,\"name\":\"Loja\",\"item\":\"https:\/\/mescanvol.com.br\/?page_id=9\"},{\"@type\":\"ListItem\",\"position\":3,\"name\":\"Anel tampa bomba d&#8217;\u00e1gua para Volvo &#8211; 925262\"}]},{\"@type\":\"WebSite\",\"@id\":\"https:\/\/mescanvol.com.br\/#website\",\"url\":\"https:\/\/mescanvol.com.br\/\",\"name\":\"Mescanvol Juntas\",\"description\":\"Juntas Automotivas Direto da F\u00e1brica para sua Distribuidora\",\"publisher\":{\"@id\":\"https:\/\/mescanvol.com.br\/#organization\"},\"alternateName\":\"Mescanvol\",\"potentialAction\":[{\"@type\":\"SearchAction\",\"target\":{\"@type\":\"EntryPoint\",\"urlTemplate\":\"https:\/\/mescanvol.com.br\/?s={search_term_string}\"},\"query-input\":{\"@type\":\"PropertyValueSpecification\",\"valueRequired\":true,\"valueName\":\"search_term_string\"}}],\"inLanguage\":\"pt-BR\"},{\"@type\":\"Organization\",\"@id\":\"https:\/\/mescanvol.com.br\/#organization\",\"name\":\"Mescanvol Juntas\",\"alternateName\":\"Mescanvol\",\"url\":\"https:\/\/mescanvol.com.br\/\",\"logo\":{\"@type\":\"ImageObject\",\"inLanguage\":\"pt-BR\",\"@id\":\"https:\/\/mescanvol.com.br\/#\/schema\/logo\/image\/\",\"url\":\"https:\/\/mescanvol.com.br\/wp-content\/uploads\/2025\/09\/cropped-Mescanvol-Juntas-Logo-Prancheta-1.png\",\"contentUrl\":\"https:\/\/mescanvol.com.br\/wp-content\/uploads\/2025\/09\/cropped-Mescanvol-Juntas-Logo-Prancheta-1.png\",\"width\":512,\"height\":512,\"caption\":\"Mescanvol Juntas\"},\"image\":{\"@id\":\"https:\/\/mescanvol.com.br\/#\/schema\/logo\/image\/\"},\"sameAs\":[\"https:\/\/www.instagram.com\/mescanvol_juntas\/\"]}]}<\/script>\n<!-- \/ Yoast SEO plugin. -->","yoast_head_json":{"title":"Mescanvol Juntas - Anel tampa bomba d'\u00e1gua para Volvo - 925262","robots":{"index":"index","follow":"follow","max-snippet":"max-snippet:-1","max-image-preview":"max-image-preview:large","max-video-preview":"max-video-preview:-1"},"canonical":"https:\/\/mescanvol.com.br\/index.php\/produto\/anel-tampa-bomba-dagua-para-volvo-925262\/","og_locale":"pt_BR","og_type":"article","og_title":"Mescanvol Juntas - Anel tampa bomba d'\u00e1gua para Volvo - 925262","og_description":"Aplica\u00e7\u00e3o: Sistema de arrefecimento","og_url":"https:\/\/mescanvol.com.br\/index.php\/produto\/anel-tampa-bomba-dagua-para-volvo-925262\/","og_site_name":"Mescanvol Juntas","article_modified_time":"2025-09-23T20:39:23+00:00","og_image":[{"width":640,"height":480,"url":"https:\/\/mescanvol.com.br\/wp-content\/uploads\/2025\/09\/17-1.jpg","type":"image\/jpeg"}],"twitter_card":"summary_large_image","schema":{"@context":"https:\/\/schema.org","@graph":[{"@type":"WebPage","@id":"https:\/\/mescanvol.com.br\/index.php\/produto\/anel-tampa-bomba-dagua-para-volvo-925262\/","url":"https:\/\/mescanvol.com.br\/index.php\/produto\/anel-tampa-bomba-dagua-para-volvo-925262\/","name":"Mescanvol Juntas - Anel tampa bomba d'\u00e1gua para Volvo - 925262","isPartOf":{"@id":"https:\/\/mescanvol.com.br\/#website"},"primaryImageOfPage":{"@id":"https:\/\/mescanvol.com.br\/index.php\/produto\/anel-tampa-bomba-dagua-para-volvo-925262\/#primaryimage"},"image":{"@id":"https:\/\/mescanvol.com.br\/index.php\/produto\/anel-tampa-bomba-dagua-para-volvo-925262\/#primaryimage"},"thumbnailUrl":"https:\/\/mescanvol.com.br\/wp-content\/uploads\/2025\/09\/17-1-e1759153307452.jpg","datePublished":"2025-09-23T20:39:22+00:00","dateModified":"2025-09-23T20:39:23+00:00","breadcrumb":{"@id":"https:\/\/mescanvol.com.br\/index.php\/produto\/anel-tampa-bomba-dagua-para-volvo-925262\/#breadcrumb"},"inLanguage":"pt-BR","potentialAction":[{"@type":"ReadAction","target":["https:\/\/mescanvol.com.br\/index.php\/produto\/anel-tampa-bomba-dagua-para-volvo-925262\/"]}]},{"@type":"ImageObject","inLanguage":"pt-BR","@id":"https:\/\/mescanvol.com.br\/index.php\/produto\/anel-tampa-bomba-dagua-para-volvo-925262\/#primaryimage","url":"https:\/\/mescanvol.com.br\/wp-content\/uploads\/2025\/09\/17-1-e1759153307452.jpg","contentUrl":"https:\/\/mescanvol.com.br\/wp-content\/uploads\/2025\/09\/17-1-e1759153307452.jpg","width":246,"height":185},{"@type":"BreadcrumbList","@id":"https:\/\/mescanvol.com.br\/index.php\/produto\/anel-tampa-bomba-dagua-para-volvo-925262\/#breadcrumb","itemListElement":[{"@type":"ListItem","position":1,"name":"In\u00edcio","item":"https:\/\/mescanvol.com.br\/"},{"@type":"ListItem","position":2,"name":"Loja","item":"https:\/\/mescanvol.com.br\/?page_id=9"},{"@type":"ListItem","position":3,"name":"Anel tampa bomba d&#8217;\u00e1gua para Volvo &#8211; 925262"}]},{"@type":"WebSite","@id":"https:\/\/mescanvol.com.br\/#website","url":"https:\/\/mescanvol.com.br\/","name":"Mescanvol Juntas","description":"Juntas Automotivas Direto da F\u00e1brica para sua Distribuidora","publisher":{"@id":"https:\/\/mescanvol.com.br\/#organization"},"alternateName":"Mescanvol","potentialAction":[{"@type":"SearchAction","target":{"@type":"EntryPoint","urlTemplate":"https:\/\/mescanvol.com.br\/?s={search_term_string}"},"query-input":{"@type":"PropertyValueSpecification","valueRequired":true,"valueName":"search_term_string"}}],"inLanguage":"pt-BR"},{"@type":"Organization","@id":"https:\/\/mescanvol.com.br\/#organization","name":"Mescanvol Juntas","alternateName":"Mescanvol","url":"https:\/\/mescanvol.com.br\/","logo":{"@type":"ImageObject","inLanguage":"pt-BR","@id":"https:\/\/mescanvol.com.br\/#\/schema\/logo\/image\/","url":"https:\/\/mescanvol.com.br\/wp-content\/uploads\/2025\/09\/cropped-Mescanvol-Juntas-Logo-Prancheta-1.png","contentUrl":"https:\/\/mescanvol.com.br\/wp-content\/uploads\/2025\/09\/cropped-Mescanvol-Juntas-Logo-Prancheta-1.png","width":512,"height":512,"caption":"Mescanvol Juntas"},"image":{"@id":"https:\/\/mescanvol.com.br\/#\/schema\/logo\/image\/"},"sameAs":["https:\/\/www.instagram.com\/mescanvol_juntas\/"]}]}},"jetpack_sharing_enabled":true,"_links":{"self":[{"href":"https:\/\/mescanvol.com.br\/index.php\/wp-json\/wp\/v2\/product\/1107","targetHints":{"allow":["GET"]}}],"collection":[{"href":"https:\/\/mescanvol.com.br\/index.php\/wp-json\/wp\/v2\/product"}],"about":[{"href":"https:\/\/mescanvol.com.br\/index.php\/wp-json\/wp\/v2\/types\/product"}],"replies":[{"embeddable":true,"href":"https:\/\/mescanvol.com.br\/index.php\/wp-json\/wp\/v2\/comments?post=1107"}],"wp:featuredmedia":[{"embeddable":true,"href":"https:\/\/mescanvol.com.br\/index.php\/wp-json\/wp\/v2\/media\/1058"}],"wp:attachment":[{"href":"https:\/\/mescanvol.com.br\/index.php\/wp-json\/wp\/v2\/media?parent=1107"}],"wp:term":[{"taxonomy":"product_brand","embeddable":true,"href":"https:\/\/mescanvol.com.br\/index.php\/wp-json\/wp\/v2\/product_brand?post=1107"},{"taxonomy":"product_cat","embeddable":true,"href":"https:\/\/mescanvol.com.br\/index.php\/wp-json\/wp\/v2\/product_cat?post=1107"},{"taxonomy":"product_tag","embeddable":true,"href":"https:\/\/mescanvol.com.br\/index.php\/wp-json\/wp\/v2\/product_tag?post=1107"}],"curies":[{"name":"wp","href":"https:\/\/api.w.org\/{rel}","templated":true}]}}